{"id":5861,"date":"2015-02-27T16:55:15","date_gmt":"2015-02-27T16:55:15","guid":{"rendered":"http:\/\/192.168.1.121\/wordpress.mu\/howfresh\/?page_id=5861"},"modified":"2023-03-20T17:36:36","modified_gmt":"2023-03-20T14:36:36","slug":"hakkimizda","status":"publish","type":"page","link":"https:\/\/cafeanne.com.tr\/?page_id=5861","title":{"rendered":"Hakk\u0131m\u0131zda"},"content":{"rendered":"<p>Hakk\u0131<\/p>\n","protected":false},"excerpt":{"rendered":"<p>Hakk\u0131<\/p>\n","protected":false},"author":1,"featured_media":7557,"parent":5855,"menu_order":0,"comment_status":"closed","ping_status":"closed","template":"","meta":{"footnotes":""},"class_list":["post-5861","page","type-page","status-publish","has-post-thumbnail","hentry"],"_links":{"self":[{"href":"https:\/\/cafeanne.com.tr\/index.php?rest_route=\/wp\/v2\/pages\/5861","targetHints":{"allow":["GET"]}}],"collection":[{"href":"https:\/\/cafeanne.com.tr\/index.php?rest_route=\/wp\/v2\/pages"}],"about":[{"href":"https:\/\/cafeanne.com.tr\/index.php?rest_route=\/wp\/v2\/types\/page"}],"author":[{"embeddable":true,"href":"https:\/\/cafeanne.com.tr\/index.php?rest_route=\/wp\/v2\/users\/1"}],"replies":[{"embeddable":true,"href":"https:\/\/cafeanne.com.tr\/index.php?rest_route=%2Fwp%2Fv2%2Fcomments&post=5861"}],"version-history":[{"count":2,"href":"https:\/\/cafeanne.com.tr\/index.php?rest_route=\/wp\/v2\/pages\/5861\/revisions"}],"predecessor-version":[{"id":13574,"href":"https:\/\/cafeanne.com.tr\/index.php?rest_route=\/wp\/v2\/pages\/5861\/revisions\/13574"}],"up":[{"embeddable":true,"href":"https:\/\/cafeanne.com.tr\/index.php?rest_route=\/wp\/v2\/pages\/5855"}],"wp:featuredmedia":[{"embeddable":true,"href":"https:\/\/cafeanne.com.tr\/index.php?rest_route=\/"}],"wp:attachment":[{"href":"https:\/\/cafeanne.com.tr\/index.php?rest_route=%2Fwp%2Fv2%2Fmedia&parent=5861"}],"curies":[{"name":"wp","href":"https:\/\/api.w.org\/{rel}","templated":true}]}}